{"id":1355,"date":"2021-01-10T16:03:40","date_gmt":"2021-01-10T15:03:40","guid":{"rendered":"https:\/\/www.merus.si\/?page_id=1355"},"modified":"2021-01-20T09:28:28","modified_gmt":"2021-01-20T08:28:28","slug":"piskotki","status":"publish","type":"page","link":"https:\/\/www.merus.si\/sl\/piskotki\/","title":{"rendered":"Uporaba spletnega mesta in zasebnost"},"content":{"rendered":"<div class=\"fusion-fullwidth fullwidth-box fusion-builder-row-1 fusion-flex-container nonhundred-percent-fullwidth non-hundred-percent-height-scrolling\" style=\"background-color: #ffffff;background-position: center center;background-repeat: no-repeat;border-width: 0 0px 0px 0px;border-color:#eae9e9;border-style:solid;\" ><div class=\"fusion-builder-row fusion-row fusion-flex-align-items-flex-start\" style=\"max-width:1185.6px;margin-left: calc(-4% \/ 2 );margin-right: calc(-4% \/ 2 );\"><div class=\"fusion-layout-column fusion_builder_column fusion-builder-column-0 fusion_builder_column_1_1 1_1 fusion-flex-column\"><div class=\"fusion-column-wrapper fusion-flex-justify-content-flex-start fusion-content-layout-column\" style=\"background-position:left top;background-repeat:no-repeat;-webkit-background-size:cover;-moz-background-size:cover;-o-background-size:cover;background-size:cover;padding: 0px 400px 0px 0px;\"><style type=\"text\/css\">@media only screen and (max-width:1024px) {.fusion-title.fusion-title-1{margin-top:10px!important;margin-bottom:15px!important;}}@media only screen and (max-width:640px) {.fusion-title.fusion-title-1{margin-top:10px!important;margin-bottom:10px!important;}}<\/style><div class=\"fusion-title title fusion-title-1 fusion-sep-none fusion-title-text fusion-title-size-two\" style=\"font-size:25px;margin-top:10px;margin-bottom:15px;\"><h2 class=\"title-heading-left\" style=\"font-family:&quot;Poppins&quot;;font-weight:400;margin:0;font-size:1em;letter-spacing:1.5px;color:#2e65af;\">Uporaba spletnega mesta in zasebnost<\/h2><\/div><div class=\"fusion-text fusion-text-1\" style=\"font-size:14px;line-height:1.82;color:#7d8794;transform:translate3d(0,0,0);\"><div class=\"wpb_column vc_column_container vc_col-sm-8\">\n<div class=\"wpb_wrapper\">\n<div class=\"wpb_text_column wpb_content_element\">\n<div class=\"wpb_wrapper\">\n<h3><strong>Izjava o varstvu osebnih podatkov<\/strong><\/h3>\n<h3>1. Splo\u0161no<\/h3>\n<p>Namen te Izjave o varstvu osebnih podatkov je, da vas seznanimo s tem, za katere namene bodo va\u0161i osebnih podatke pridobljeni in kako se bodo uporabljali ter kak\u0161ne so va\u0161e pravice v zvezi s podatki, ki jih hranimo o vas, in kako jih uveljavljati.<\/p>\n<p>Merus Slovenija, se zavezuje, da bodo zbrani osebni podatki, ki jih boste posredovali, uporabljeni v skladu s to Izjavo o varstvu osebnih podatkov, da va\u0161ih osebnih podatkov ne bo prodajal, posojal ali kakorkoli druga\u010de posredoval tretjim osebam, razen v zakonsko dolo\u010denih primerih.<\/p>\n<h3>2. Upravljavec podatkov<\/h3>\n<p>Upravljavec va\u0161ih osebnih podatkov je Merus Slovenija, Medlog 16, 3000 Celje, info@merus.si<\/p>\n<p>Ker nam je va\u0161a zasebnost izjemno pomembna, se lahko na nas obrnete v primeru vpra\u0161anj v zvezi z obdelavo va\u0161ih osebnih podatkov. Za stik s poobla\u0161\u010deno osebo za varstvo osebnih podatkov pi\u0161ite e-mail na naslov info@merus.si<\/p>\n<p>Za vse teme in vsebine, ki bodo obravnavane s strani poobla\u0161\u010dene osebe za varstvo podatkov velja stroga zaupnost.<\/p>\n<h3>3. Vrste osebnih podatkov<\/h3>\n<p>Osebni podatki, ki jih obdelujemo vklju\u010dujejo:<\/p>\n<ul>\n<li>kontaktne informacije, ki jih vnesete v kontaktni obrazec na na\u0161i strani &#8220;Kontakt&#8221;,;<\/li>\n<li>tehni\u010dne informacije in informacije o interakciji \u2013 kot so:\n<ul>\n<li>informacije o napravi, ki jo uporabljate za interakcijo z nami, informacije o predhodnih interakcijah ali informacije o danih predstavitvah;<\/li>\n<li>informacije o va\u0161ih kontaktnih preferencah za kontakt z vami ali va\u0161em preferen\u010dnem komunikacijskem kanalu;<\/li>\n<li>podatke o \u010dasu, ki ste ga porabili za interakcijo z nami, o lokaciji teh interakcij.<\/li>\n<\/ul>\n<\/li>\n<\/ul>\n<h3>4. Namen obdelave podatkov in vrste osebnih podatkov<\/h3>\n<p>Vsi osebni podatki, ki nam jih posredujete, bodo obravnavani zaupno in bodo uporabljeni zgolj v namene, za katere so bili posredovani. \u010ce bo nastala potreba po nadaljnji obdelavi va\u0161ih podatkov za drug namen, vas bomo predhodno kontaktirali in zaprosili za va\u0161e soglasje.<\/p>\n<p><b>Direktno tr\u017eenje izdelkov in storitev naro\u010dnikom na\u0161ih storitev, obstoje\u010dim kupcem in kon\u010dnim kupcem <\/b><\/p>\n<p>Ime, priimek, starost in kontakt uporabljamo za po\u0161iljanje e-novic z informacijami o izdelkih in storitvah (obve\u0161\u010danje o novostih, ugodnostih, nagradnih igrah in dogodkih), ki jih tr\u017ei navedena dru\u017eba.<\/p>\n<p><b>Obdelava povratnih informacij za namene personaliziranega obve\u0161\u010danja <\/b><\/p>\n<p>Povratne informacije, ki jih zbiramo na spletni strani, se zbirajo z namenom prilagoditve obve\u0161\u010danja posameznikovim preferencam. To so informacije o kontaktnih preferencah za kontakt z vami ali va\u0161em preferen\u010dnem komunikacijskem kanalu; podatke o \u010dasu, ki ste ga porabili za interakcijo z nami in o lokaciji teh interakcij.<\/p>\n<p>Ti podatki se obdelujejo na podlagi va\u0161ega soglasja, pri \u010demer lahko soglasje za prejemanje oglasnih sporo\u010dil kadarkoli prekli\u010dete. Dodatne informacije o va\u0161ih pravicah v zvezi s strokovnim obve\u0161\u010danjem so vam na voljo v to\u010dki \u00bbVa\u0161e pravice\u00ab.<\/p>\n<h3>5. Uporabniki podatkov<\/h3>\n<p>Upravljavec se obvezuje, da bo zbrane osebne podatke uporabljal izklju\u010dno za strokovne namene oz. za namene strokovnega obve\u0161\u010danja in zbiranja povratnih informacij v Merus Slovenija, Medlog 16, 3000 Celje, ter spodaj navedenih zunanjih izvajalcev. Vsi podatki, zbrani na podlagi zgoraj navedene pravne podlage, bodo uporabljeni v skladu z namenom, za katerega so bili zbrani in ne bodo posredovani tretjim osebam brez va\u0161e privolitve, z izjemo spodaj navedenih.<\/p>\n<p>V okviru zakonskih pristojnosti se va\u0161i osebnih podatki razkrivajo naslednjim uporabnikom podatkov:<\/p>\n<ul>\n<li>Merus Slovenija, Medlog 16, 3000 Celje<\/li>\n<\/ul>\n<p>Upravljavec lahko va\u0161e osebne podatke posreduje tretjim osebam. Dostop tretjih oseb do podatkov in obdelava podatkov s strani teh oseb sta omejena na namene, za katere so bili tak\u0161ni podatki zbrani. Vse tretje osebe, ki jim lahko posredujemo va\u0161e osebne podatke, so zavezane k spo\u0161tovanju veljavne zakonodaje kot tudi dolo\u010db te \u00bbIzjave o varstvu osebnih podatkov\u00ab.<\/p>\n<p>Va\u0161e osebne podatke lahko za potrebe kakovostne podpore in izvedbe storitev posredujemo na\u0161emu krovnemu podjetju:<\/p>\n<ul>\n<li>HPL Service Slovakia d.o.o., Medlog 16, 3000 Celje, Slovenija<\/li>\n<li>HPL Service Slovakia s.r.o., Klincova 24, 82108 Bratislava, Slova\u0161ka<\/li>\n<\/ul>\n<p>Dolo\u010dene osebne podatke izmenjujemo z zgoraj opisanimi tretjimi osebami. Poskrbeli bomo, da je dostop tretjim osebam omogo\u010den za zgolj za namene, dolo\u010dene v tej Izjavi. Sprejeli bomo ustrezne ukrepe, da zagotovimo, da imajo do va\u0161ih osebnih podatkov dostop zgolj zaposleni katerekoli od navedenih tretjih oseb, ki dostop do osebnih podatkov potrebujejo za opravo njihovega dela. Omejen dostop do osebnih podatkov izvajamo tako pri Merus Slovenija in enako politiko se zavezujejo izvajati vsi na\u0161i zunanji izvajalci. Vsi zaposleni, ki imajo dostop do osebnih podatkov, so zavezani k varovanju osebnih podatkov, ki jih obdelujejo.<\/p>\n<p>V skladu z relevantnimi predpisi o varstvu podatkov in zasebnosti bomo sprejeli ustrezne ukrepe, da zagotovimo, da va\u0161i osebni podatki ostanejo za\u0161\u010diteni in varni tudi v primeru, ko se prena\u0161ajo izven va\u0161e mati\u010dne dr\u017eave.<\/p>\n<h3>6. Podlage za uporabo osebnih podatkov<\/h3>\n<p>Podlage, na katerih uporabljamo va\u0161e osebne podatke, so naslednje:<\/p>\n<ul>\n<li>va\u0161a izrecna privolitev \u2013 ob\u010dasno vas bomo morda zaprosili za privolitev za uporabo va\u0161ih osebnih podatkov za enega ali ve\u010d namenov. Oglejte si razdelek Va\u0161e pravice za informacije o pravicah, ki jih imate, \u010de obdelujemo va\u0161e podatke na podlagi va\u0161e privolitve;<\/li>\n<li>ko je to potrebno za na\u0161e zakonite poslovne interese \u2013 uporaba va\u0161ih osebnih podatkov nam pomaga upravljati in izbolj\u0161evati na\u0161e poslovanje ter zmanj\u0161evati motnje pri izvajanju storitev, ki vam jih lahko zagotavljamo. Prav tako nam uporaba va\u0161ih osebnih podatkov omogo\u010da, da je na\u0161a komunikacija z vami bolj relevantna in prilagojena vam ter da je va\u0161a izku\u0161nja z na\u0161imi storitvami in izdelki u\u010dinkovita in uspe\u0161na. Zakoniti interesi lahko vklju\u010dujejo:\n<ul>\n<li>omogo\u010danje u\u010dinkovitega in uspe\u0161nega upravljanja in vodenja na\u0161ega poslovanja;<\/li>\n<li>ohranjanje skladnosti z na\u0161imi notranjimi postopki in politikami upravljanja razmerij s strankami;<\/li>\n<li>nudenje aktualnih re\u0161itev za interakcijo s strankami;<\/li>\n<li>seznanjanje na\u0161ih strank z dodatnimi informacijami in predstavitvami z namenom izbolj\u0161anja ponudbe na\u0161ih storitev.<\/li>\n<\/ul>\n<\/li>\n<\/ul>\n<h3>7. Obdobje hrambe<\/h3>\n<p>Va\u0161i kontaktni podatki za namen obve\u0161\u010danja se obdelujejo do preklica.<\/p>\n<h3>8. Na\u010din varstva va\u0161ih podatkov<\/h3>\n<p>Merus Slovenija se zavezuje varovati podatke osebne podatke, ki nam jih posredujete z uporabo elektronskega obrazca in bo storilo vse, da osebne podatke za\u0161\u010diti pred kakr\u0161nimikoli kr\u0161itvami in zlorabami. V okviru obrazca v ozadju deluje tudi orodje preverjanja reCaptcha, katerega pogoje uporabe dolo\u010dajo Google-ovi <a href=\"https:\/\/www.google.com\/policies\/terms\/\">Pogoji uporabe<\/a> in <a href=\"https:\/\/www.google.com\/policies\/privacy\/\">Politika zasebnosti<\/a>. Spletno mesto merus.si orodje reCaptcha uporablja zgolj za prepre\u010devanje vdorov in ne\u017eelenih sporo\u010dil.<\/p>\n<p>Osebne podatke hranimo v ra\u010dunalni\u0161ki obliki. Na\u0161i ra\u010dunalni\u0161ki sistemi so za\u0161\u010diteni s tehni\u010dnimi in organizacijskimi ukrepi, ki prepre\u010dujejo nenamerno ali nezakonito uni\u010denje, izgubo, spremembo ter nepoobla\u0161\u010deno razkritje ali dostop do va\u0161ih osebnih podatkov.<\/p>\n<p>Po prenehanju potrebe po vodenju podatkov, t. j. po izpolnitvi namena, za katerega so bili podatki zbrani, se podatki nemudoma nepovratno in trajno izbri\u0161ejo.<\/p>\n<\/div>\n<div class=\"wpb_wrapper\">\n<h3>9. Va\u0161e pravice<\/h3>\n<p>Merus Slovenija zagotavlja uresni\u010devanje vseh va\u0161ih pravic, ki vam pripadajo v zvezi z obdelavo va\u0161ih osebnih podatkov.<\/p>\n<p><b><i>Odjava od strokovnega obve\u0161\u010danja o izdelkih<\/i><\/b><br \/>\n\u010ce ne \u017eelite ve\u010d biti obve\u0161\u010deni o izdelkih, ki jih tr\u017ei Merus Slovenija in njene povezane dru\u017ebe, nam to lahko javite na info@merus.si.<\/p>\n<p>Posameznik, na katerega se nana\u0161ajo osebni podatki, lahko kadarkoli zahteva, da mu Merus Slovenija:<\/p>\n<ul>\n<li>potrdi, ali se podatki v zvezi z njim obdelujejo ali ne,<\/li>\n<li>omogo\u010di dostop do osebnih podatkov (tj. vpogled ter njihovo prepisovanje ali kopiranje),<\/li>\n<li>poda informacije v zvezi z obdelavo teh podatkov (npr. o namenu obdelave, vrsti osebnih podatkov, uporabnikih, katerim so jim bili ali jim bodo posredovani osebni podatki, predvidenem obdobju hrambe podatkov, o tehni\u010dnih in organizacijskih ukrepih za varovanje podatkov, idr.),<\/li>\n<li>omogo\u010di popravek neto\u010dnih osebnih podatkov v zvezi z njim in mu omogo\u010di dopolnitev nepopolnih osebnih podatkov,<\/li>\n<li>omogo\u010di pravico do izbrisa osebnih podatkov (t.i. pravica do pozabe),<\/li>\n<li>omogo\u010di pravico do omejitve obdelave,<\/li>\n<li>omogo\u010di pravico do ugovora obdelavi, \u010de obdelava podatkov temelji na zakonitem interesu upravljavca, vklju\u010dno z oblikovanjem profilov,<\/li>\n<li>omogo\u010di pravico do prenosljivosti podatkov in mu posreduje podatke v splo\u0161no uporabljeni in strojno berljivi obliki ali jih neposredno posreduje drugemu upravljavcu,<\/li>\n<li>omogo\u010di pravico do preklica privolitve, kadar se osebnih podatki obdelujejo na podlagi privolitve, pri \u010demer preklic privolitve ne vpliva na zakonitost obdelave podatkov, ki se je izvajala do njenega preklica<\/li>\n<li>poda dodatne informacije o njegovi pravici do prito\u017ebe pri pristojnem nadzornem organu.<\/li>\n<\/ul>\n<p>Prav tako bo Merus Slovenija posamezniku na njegovo zahtevo v skladu z veljavno zakonodajo podal tudi druge informacije v zvezi z njegovimi osebnimi podatki, ki jih obdeluje.<\/p>\n<p>Merus Slovenija se zavezuje, da bo na zahteve posameznika, na katerega se nana\u0161ajo osebni podatki, odgovoril brez nepotrebnega odla\u0161anja, najkasneje pa v zakonsko predpisanih rokih.<\/p>\n<h3>10. Stik<\/h3>\n<p>Na vpra\u0161anja o zaupnosti va\u0161ih podatkov, na\u010dinu zbiranja in obdelave podatkov ali na va\u0161e zahteve za uveljavljanje pravic v zvezi z va\u0161imi podatki, vam bo odgovorila odgovorna oseba pri Merus Slovenija in\/ali poobla\u0161\u010dena oseba za varstvo osebnih podatkov. Za stik s poobla\u0161\u010deno osebo za varstvo osebnih podatkov pi\u0161ite e-mail na naslov info@merus.si<\/p>\n<h3>11. Spremembe<\/h3>\n<p>Pridr\u017eujemo si pravico, da predmetno Izjavo o varstvu osebnih podatkov po potrebi ob\u010dasno prilagodimo dejanskim razmeram in zakonodaji s podro\u010dja varstva osebnih podatkov. Iz tega razloga vas prosimo, da pred vsakim posredovanjem osebnih podatkov preverite aktualno razli\u010dico, da boste seznanjeni z morebitnimi spremembami in dopolnitvami.<\/p>\n<\/div>\n<\/div>\n<\/div>\n<\/div>\n<\/div><style type=\"text\/css\">@media only screen and (max-width:1024px) {.fusion-title.fusion-title-2{margin-top:10px!important;margin-bottom:15px!important;}}@media only screen and (max-width:640px) {.fusion-title.fusion-title-2{margin-top:10px!important;margin-bottom:10px!important;}}<\/style><div class=\"fusion-title title fusion-title-2 fusion-sep-none fusion-title-text fusion-title-size-two\" style=\"font-size:25px;margin-top:10px;margin-bottom:15px;\"><h2 class=\"title-heading-left\" style=\"font-family:&quot;Poppins&quot;;font-weight:400;margin:0;font-size:1em;letter-spacing:1.5px;color:#2e65af;\">Pi\u0161kotki<\/h2><\/div><div class=\"fusion-text fusion-text-2\" style=\"font-size:14px;line-height:1.82;color:#7d8794;transform:translate3d(0,0,0);\"><h3>1. Kaj so pi\u0161kotki?<\/h3>\n<p>Pi\u0161kotek je majhna tekstovna datoteka, ki se prenese na uporabnikov ra\u010dunalnik ob njegovem obisku spletne strani. Spletnemu mestu pomaga pri izvajanju bolj\u0161e uporabni\u0161ke izku\u0161nje in spremljanju statistike obiska. Pi\u0161kotki so lahko shranjeni razli\u010dno dolgo, le za trajanje seje brskanja ali pa dlje.<\/p>\n<p>Na na\u0161ih spletnih straneh lahko uporabljamo naslednje vrste pi\u0161kotkov:<\/p>\n<ul>\n<li style=\"list-style-type: none;\">\n<ul>\n<li>Lastni pi\u0161kotki, ki so lahko za\u010dasni, trajajo le med sejo brskanja uporabnika in so obvezni za pravilno delovanje dolo\u010denih aplikacij oziroma funkcionalnosti na spletnih straneh. Trajnej\u0161e pi\u0161kotke uporabljamo za shranjevanje in uporabo informacij, ko uporabnik naslednji\u010d obi\u0161\u010de to mesto, ter za spremljanje obiska.<\/li>\n<li>Drugi pi\u0161kotki izvirajo od drugih, partnerskih spletnih mest. Merus Slovenija za spremljanje obiska in statistiko na svojih spletnih straneh uporablja analiti\u010dno programsko opremo Google Analytics.<\/li>\n<\/ul>\n<\/li>\n<\/ul>\n<p>Za prikazovanje svojih videooglasov ali drugih videovsebin na spletnem mestu uporabljamo tudi spletni servis You Tube (Google Inc.). Pi\u0161kotek servisa You Tube se na uporabnikovo napravo nalo\u017ei \u0161ele po tem, ko uporabnik spro\u017ei video.<\/p>\n<h3>2. Lastnosti spletnega mesta<\/h3>\n<p>Ime pi\u0161kotka, Namen, \u010cas pi\u0161kotka, Podjetje: PHPSESSID, Skrbi za pravilno delovanje spletne strani, Ob zaprtju brskalnika, Merus Slovenija (pod okriljem HPL Service Slovakia d.o.o.)<\/p>\n<h3>3. Lastnosti zunanjih spletnih strani<\/h3>\n<p>Ime pi\u0161kotka, Namen, \u010cas pi\u0161kotka, Podjetje: _ga, _gat, _utma, _utmb, Statistika ogledov spletne strani, 10 min. \u2013 2 leti, Google Inc.<\/p>\n<h3>4. Upravljalec pi\u0161kotkov na spletnem mestu<\/h3>\n<p>Merus Slovenija, pod okriljem HPL Service Slovakia d.o.o., Medlog 16, 3000 Celje, Slovenija.<\/p>\n<\/div><\/div><\/div><style type=\"text\/css\">.fusion-body .fusion-builder-column-0{width:100% !important;margin-top : 100px;margin-bottom : 20px;}.fusion-builder-column-0 > .fusion-column-wrapper {padding-top : 0px !important;padding-right : 400 !important;margin-right : 1.92%;padding-bottom : 0px !important;padding-left : 0px !important;margin-left : 1.92%;}@media only screen and (max-width:1024px) {.fusion-body .fusion-builder-column-0{width:100% !important;order : 0;}.fusion-builder-column-0 > .fusion-column-wrapper {margin-right : 1.92%;margin-left : 1.92%;}}@media only screen and (max-width:640px) {.fusion-body .fusion-builder-column-0{width:100% !important;order : 0;}.fusion-builder-column-0 > .fusion-column-wrapper {margin-right : 1.92%;margin-left : 1.92%;}}<\/style><\/div><style type=\"text\/css\">.fusion-body .fusion-flex-container.fusion-builder-row-1{ padding-top : 0px;margin-top : 0px;padding-right : 0px;padding-bottom : 0px;margin-bottom : 0px;padding-left : 0px;}<\/style><\/div>","protected":false},"excerpt":{"rendered":"","protected":false},"author":4,"featured_media":0,"parent":0,"menu_order":0,"comment_status":"closed","ping_status":"closed","template":"100-width.php","meta":[],"yoast_head":"<!-- This site is optimized with the Yoast SEO plugin v16.2 - https:\/\/yoast.com\/wordpress\/plugins\/seo\/ -->\n<title>Uporaba spletnega mesta in zasebnost - MERUS Slovenija<\/title>\n<meta name=\"robots\" content=\"index, follow, max-snippet:-1, max-image-preview:large, max-video-preview:-1\" \/>\n<link rel=\"canonical\" href=\"https:\/\/www.merus.si\/sl\/piskotki\/\" \/>\n<meta property=\"og:locale\" content=\"sl_SI\" \/>\n<meta property=\"og:type\" content=\"article\" \/>\n<meta property=\"og:title\" content=\"Uporaba spletnega mesta in zasebnost - MERUS Slovenija\" \/>\n<meta property=\"og:url\" content=\"https:\/\/www.merus.si\/sl\/piskotki\/\" \/>\n<meta property=\"og:site_name\" content=\"MERUS Slovenija\" \/>\n<meta property=\"article:modified_time\" content=\"2021-01-20T08:28:28+00:00\" \/>\n<meta name=\"twitter:card\" content=\"summary_large_image\" \/>\n<meta name=\"twitter:label1\" content=\"Est. reading time\">\n\t<meta name=\"twitter:data1\" content=\"13 minut\">\n<script type=\"application\/ld+json\" class=\"yoast-schema-graph\">{\"@context\":\"https:\/\/schema.org\",\"@graph\":[{\"@type\":\"WebSite\",\"@id\":\"https:\/\/www.merus.si\/#website\",\"url\":\"https:\/\/www.merus.si\/\",\"name\":\"MERUS Slovenija\",\"description\":\"www.merus.si\",\"potentialAction\":[{\"@type\":\"SearchAction\",\"target\":\"https:\/\/www.merus.si\/?s={search_term_string}\",\"query-input\":\"required name=search_term_string\"}],\"inLanguage\":\"sl-SI\"},{\"@type\":\"WebPage\",\"@id\":\"https:\/\/www.merus.si\/piskotki\/#webpage\",\"url\":\"https:\/\/www.merus.si\/piskotki\/\",\"name\":\"Uporaba spletnega mesta in zasebnost - MERUS Slovenija\",\"isPartOf\":{\"@id\":\"https:\/\/www.merus.si\/#website\"},\"datePublished\":\"2021-01-10T15:03:40+00:00\",\"dateModified\":\"2021-01-20T08:28:28+00:00\",\"breadcrumb\":{\"@id\":\"https:\/\/www.merus.si\/piskotki\/#breadcrumb\"},\"inLanguage\":\"sl-SI\",\"potentialAction\":[{\"@type\":\"ReadAction\",\"target\":[\"https:\/\/www.merus.si\/piskotki\/\"]}]},{\"@type\":\"BreadcrumbList\",\"@id\":\"https:\/\/www.merus.si\/piskotki\/#breadcrumb\",\"itemListElement\":[{\"@type\":\"ListItem\",\"position\":1,\"item\":{\"@type\":\"WebPage\",\"@id\":\"https:\/\/www.merus.si\/\",\"url\":\"https:\/\/www.merus.si\/\",\"name\":\"Home\"}},{\"@type\":\"ListItem\",\"position\":2,\"item\":{\"@id\":\"https:\/\/www.merus.si\/piskotki\/#webpage\"}}]}]}<\/script>\n<!-- \/ Yoast SEO plugin. -->","_links":{"self":[{"href":"https:\/\/www.merus.si\/sl\/wp-json\/wp\/v2\/pages\/1355"}],"collection":[{"href":"https:\/\/www.merus.si\/sl\/wp-json\/wp\/v2\/pages"}],"about":[{"href":"https:\/\/www.merus.si\/sl\/wp-json\/wp\/v2\/types\/page"}],"author":[{"embeddable":true,"href":"https:\/\/www.merus.si\/sl\/wp-json\/wp\/v2\/users\/4"}],"replies":[{"embeddable":true,"href":"https:\/\/www.merus.si\/sl\/wp-json\/wp\/v2\/comments?post=1355"}],"version-history":[{"count":13,"href":"https:\/\/www.merus.si\/sl\/wp-json\/wp\/v2\/pages\/1355\/revisions"}],"predecessor-version":[{"id":2477,"href":"https:\/\/www.merus.si\/sl\/wp-json\/wp\/v2\/pages\/1355\/revisions\/2477"}],"wp:attachment":[{"href":"https:\/\/www.merus.si\/sl\/wp-json\/wp\/v2\/media?parent=1355"}],"curies":[{"name":"wp","href":"https:\/\/api.w.org\/{rel}","templated":true}]}}